{"id":827,"date":"2025-08-20T16:58:55","date_gmt":"2025-08-20T14:58:55","guid":{"rendered":"https:\/\/www.moser-designboards.de\/accueil\/"},"modified":"2026-01-25T09:22:40","modified_gmt":"2026-01-25T08:22:40","slug":"accueil","status":"publish","type":"page","link":"https:\/\/www.moser-designboards.de\/fr\/","title":{"rendered":"Accueil"},"content":{"rendered":"\n\n\t\n\t\t<!-- MasterSlider -->\n\t\t<div id=\"P_MS6971d0f71a87c\" class=\"master-slider-parent ms-parent-id-18\" style=\"\" >\n\n\t\t\t\n\t\t\t<!-- MasterSlider Main -->\n\t\t\t<div id=\"MS6971d0f71a87c\" class=\"master-slider ms-skin-default\" >\n\t\t\t\t \t\t\t\t \n\t\t\t<div  class=\"ms-slide\" data-delay=\"3\" data-fill-mode=\"fill\"   >\n\t\t\t\t\t<img decoding=\"async\" src=\"https:\/\/www.moser-designboards.de\/wp-content\/plugins\/masterslider\/public\/assets\/css\/blank.gif\" alt=\"\" title=\"Chopped-Sitzecke\" data-src=\"https:\/\/www.moser-designboards.de\/wp-content\/uploads\/2025\/09\/Chopped-Sitzecke.jpg\" \/>\n\n\t\t\t\t\t<div  class=\"ms-layer  msp-preset-2\" style=\"height:60px;\"   data-effect=\"t(true,-500,n,n,n,n,n,n,n,n,n,n,n,n,n)\"   data-ease=\"easeOutQuint\"                data-offset-x=\"500\" data-offset-y=\"200\" data-origin=\"bl\" data-phone-offset-x=\"20\" data-phone-offset-y=\"20\" data-relative-size=\"true\" data-hide-on=\"phone\"   >\n<h2><span style=\"color: #ffffff;\">PLANCHES DE CONCEPTION POUR PROJETS CR\u00c9ATIFS<\/span><\/h2><\/div>\n\n\n\t\t\t\t<\/div>\n\t\t\t<div  class=\"ms-slide\" data-delay=\"3\" data-fill-mode=\"fill\"   >\n\t\t\t\t\t<img decoding=\"async\" src=\"https:\/\/www.moser-designboards.de\/wp-content\/plugins\/masterslider\/public\/assets\/css\/blank.gif\" alt=\"\" title=\"Moser-Designboards-Kopf-3\" data-src=\"https:\/\/www.moser-designboards.de\/wp-content\/uploads\/2025\/09\/Moser-Designboards-Kopf-3.jpg\" \/>\n\n\t\t\t\t\t<div  class=\"ms-layer  msp-preset-2\" style=\"\"   data-effect=\"t(true,500,n,n,n,n,n,n,n,n,n,n,n,n,n)\"   data-ease=\"easeOutQuint\"                data-offset-x=\"1000\" data-offset-y=\"300\" data-origin=\"tl\" data-hide-on=\"phone\"   >\n<h2><span style=\"color: #ffffff;\">Planifier avec de nouvelles possibilit\u00e9s<\/span><\/h2><\/div>\n\n\n\t\t\t\t<\/div>\n\t\t\t<div  class=\"ms-slide\" data-delay=\"3\" data-fill-mode=\"fill\"   >\n\t\t\t\t\t<img decoding=\"async\" src=\"https:\/\/www.moser-designboards.de\/wp-content\/plugins\/masterslider\/public\/assets\/css\/blank.gif\" alt=\"\" title=\"organic-wave-rendering\" data-src=\"https:\/\/www.moser-designboards.de\/wp-content\/uploads\/2025\/09\/organic-wave-rendering-1.jpg\" \/>\n\n\t\t\t\t\t<div  class=\"ms-layer  msp-preset-2\" style=\"\"   data-effect=\"t(true,500,n,n,n,n,n,n,n,n,n,n,n,n,n)\"   data-ease=\"easeOutQuint\"         data-resize=\"false\"       data-offset-x=\"100\" data-offset-y=\"100\" data-origin=\"bl\" data-hide-on=\"phone\"    data-masked=\"true\" data-mask-width=\"800\" data-mask-height=\"200\">\n<h2>Planches de design en bois massif \u2013 pour des id\u00e9es extraordinaires<\/h2><\/div>\n\n\n\t\t\t\t<\/div>\n\t\t\t<div  class=\"ms-slide\" data-delay=\"3\" data-fill-mode=\"fill\"   >\n\t\t\t\t\t<img decoding=\"async\" src=\"https:\/\/www.moser-designboards.de\/wp-content\/plugins\/masterslider\/public\/assets\/css\/blank.gif\" alt=\"\" title=\"Straight-Wave-neu\" data-src=\"https:\/\/www.moser-designboards.de\/wp-content\/uploads\/2025\/09\/Straight-Wave-neu-1.jpg\" \/>\n\n\n\t\t\t\t<\/div>\n\t\t\t<div  class=\"ms-slide\" data-delay=\"3\" data-fill-mode=\"fill\"   >\n\t\t\t\t\t<img decoding=\"async\" src=\"https:\/\/www.moser-designboards.de\/wp-content\/plugins\/masterslider\/public\/assets\/css\/blank.gif\" alt=\"\" title=\"Rhombus-Wohnzimmer\" data-src=\"https:\/\/www.moser-designboards.de\/wp-content\/uploads\/2025\/09\/Rhombus-Wohnzimmer.jpg\" \/>\n\n\n\t\t\t\t<\/div>\n\t\t\t<div  class=\"ms-slide\" data-delay=\"3\" data-fill-mode=\"fill\"   >\n\t\t\t\t\t<img decoding=\"async\" src=\"https:\/\/www.moser-designboards.de\/wp-content\/plugins\/masterslider\/public\/assets\/css\/blank.gif\" alt=\"\" title=\"Gizeh-Kassetten\" data-src=\"https:\/\/www.moser-designboards.de\/wp-content\/uploads\/2025\/09\/Gizeh-Kassetten.jpg\" \/>\n\n\n\t\t\t\t<\/div>\n\t\t\t<div  class=\"ms-slide\" data-delay=\"3\" data-fill-mode=\"fill\"   >\n\t\t\t\t\t<img decoding=\"async\" src=\"https:\/\/www.moser-designboards.de\/wp-content\/plugins\/masterslider\/public\/assets\/css\/blank.gif\" alt=\"\" title=\"Kumiko-praxis\" data-src=\"https:\/\/www.moser-designboards.de\/wp-content\/uploads\/2025\/09\/Kumiko-praxis.jpg\" \/>\n\n\n\t\t\t\t<\/div>\n\t\t\t<div  class=\"ms-slide\" data-delay=\"3\" data-fill-mode=\"fill\"   >\n\t\t\t\t\t<img decoding=\"async\" src=\"https:\/\/www.moser-designboards.de\/wp-content\/plugins\/masterslider\/public\/assets\/css\/blank.gif\" alt=\"\" title=\"Kumiko-neu\" data-src=\"https:\/\/www.moser-designboards.de\/wp-content\/uploads\/2025\/09\/Kumiko-neu.jpg\" \/>\n\n\n\t\t\t\t<\/div>\n\n\t\t\t<\/div>\n\t\t\t<!-- END MasterSlider Main -->\n\n\t\t\t \n\t\t<\/div>\n\t\t<!-- END MasterSlider -->\n\n\t\t<script>\n\t\t( window.MSReady = window.MSReady || [] ).push( function( $ ) {\n\n\t\t\t\"use strict\";\n\t\t\tvar masterslider_a87c = new MasterSlider();\n\n\t\t\t\/\/ slider controls\n\t\t\tmasterslider_a87c.control('arrows'     ,{ autohide:false, overVideo:true  });\n\t\t\t\/\/ slider setup\n\t\t\tmasterslider_a87c.setup(\"MS6971d0f71a87c\", {\n\t\t\t\twidth           : 2304,\n\t\t\t\theight          : 972,\n\t\t\t\tminHeight       : 0,\n\t\t\t\tspace           : 0,\n\t\t\t\tstart           : 1,\n\t\t\t\tgrabCursor      : true,\n\t\t\t\tswipe           : true,\n\t\t\t\tmouse           : true,\n\t\t\t\tkeyboard        : false,\n\t\t\t\tlayout          : \"fullwidth\",\n\t\t\t\twheel           : false,\n\t\t\t\tautoplay        : true,\n                instantStartLayers:false,\n\t\t\t\tmobileBGVideo:false,\n\t\t\t\tloop            : true,\n\t\t\t\tshuffle         : false,\n\t\t\t\tpreload         : 0,\n\t\t\t\theightLimit     : true,\n\t\t\t\tautoHeight      : true,\n\t\t\t\tsmoothHeight    : true,\n\t\t\t\tendPause        : false,\n\t\t\t\toverPause       : true,\n\t\t\t\tfillMode        : \"fill\",\n\t\t\t\tcenterControls  : false,\n\t\t\t\tstartOnAppear   : false,\n\t\t\t\tlayersMode      : \"center\",\n\t\t\t\tautofillTarget  : \"\",\n\t\t\t\thideLayers      : false,\n\t\t\t\tfullscreenMargin: 0,\n\t\t\t\tspeed           : 20,\n\t\t\t\tdir             : \"h\",\n\t\t\t\tresponsive      : true,\n\t\t\t\ttabletWidth     : 768,\n\t\t\t\ttabletHeight    : null,\n\t\t\t\tphoneWidth      : 480,\n\t\t\t\tphoneHeight    : null,\n\t\t\t\tsizingReference : window,\n\t\t\t\tparallaxMode    : 'swipe',\n\t\t\t\tview            : \"basic\"\n\t\t\t});\n\n\t\t\t\t\t\tMSScrollParallax.setup( masterslider_a87c, 30, 50, true );\n\t\t\twindow.masterslider_instances = window.masterslider_instances || [];\n\t\t\twindow.masterslider_instances.push( masterslider_a87c );\n\t\t});\n\t\t<\/script>\n\n\n\t<h1>AVEC LES PANNEAUX DE DESIGN DE MOSER,<br \/>\nTOUT EST POSSIBLE<\/h1>\n\t<p><g id=\"gid_0\"><\/g><g id=\"gid_1\"><\/g><g id=\"gid_2\">Des panneaux de design \u00e0 l&rsquo;aspect exclusif pour diverses utilisations.<\/g><x id=\"gid_3\"><\/x><x id=\"gid_4\"><\/x><g id=\"gid_5\">Avec un \u0153il passionn\u00e9 pour le bois, une expertise technique claire et une exp\u00e9rience acquise sur des d\u00e9cennies, nous produisons nos panneaux en bois massif de qualit\u00e9 sup\u00e9rieure. Des bois s\u00e9lectionn\u00e9s sont tri\u00e9s \u00e0 la main par nos experts en bois et transform\u00e9s en panneaux en bois massif de qualit\u00e9 sup\u00e9rieure, dans une qualit\u00e9 d&rsquo;\u00e9b\u00e9nisterie parfaite et constante.<\/g><x id=\"gid_6\"><\/x><x id=\"gid_7\"><\/x><g id=\"gid_8\"><\/g><g id=\"gid_9\">Gr\u00e2ce \u00e0 une technologie de pointe et \u00e0 des m\u00e9thodes de fabrication individuelles, nous produisons les panneaux de design exceptionnels \u00e0 partir de nos panneaux en bois massif sur notre site de Bubsheim, sur le Jura souabe.<\/g><x id=\"gid_10\"><\/x><x id=\"gid_11\"><\/x><g id=\"gid_12\">Vos exigences sont nos d\u00e9fis &#8211; nous y r\u00e9pondons chaque jour avec tout notre engagement.<\/g><\/p>\n\t<h2>6 Designs | 2 Essences de bois | \u00c9paisseur de 22 mm | 100 % Qualit\u00e9 | Nature \u00e0 l&rsquo;\u00e9tat pur<\/h2>\n\t<p>De plus, nous proposons des panneaux design sp\u00e9cialement con\u00e7us pour les espaces de bien-\u00eatre, les spas et les saunas. En <strong>bois d&rsquo;abachi<\/strong>. Ces panneaux design sont fabriqu\u00e9s avec de la colle PU.  <\/p>\n\t<h2>Avec les panneaux de design, vous en faites plus<\/h2>\n\t\t\t\t\t\t\t\t\t\t\t\t<img decoding=\"async\" src=\"https:\/\/www.moser-designboards.de\/wp-content\/uploads\/2025\/09\/vorher-neu-ok.jpg\" alt=\"avant\"\/>\n\t\t\t\t\t\t\t\t\t\t\t\t<img decoding=\"async\" src=\"https:\/\/www.moser-designboards.de\/wp-content\/uploads\/2025\/09\/nachher-neu-ok.jpg\" alt=\"apr\u00e8s\"\/>\n\n","protected":false},"excerpt":{"rendered":"<p>AVEC LES PANNEAUX DE DESIGN DE MOSER, TOUT EST POSSIBLE Des panneaux de design \u00e0 l&rsquo;aspect exclusif pour diverses utilisations.Avec un \u0153il passionn\u00e9 pour le bois, une expertise technique claire et une exp\u00e9rience acquise sur des d\u00e9cennies, nous produisons nos panneaux en bois massif de qualit\u00e9 sup\u00e9rieure. Des bois s\u00e9lectionn\u00e9s sont tri\u00e9s \u00e0 la main&hellip;<\/p>\n","protected":false},"author":1,"featured_media":0,"parent":0,"menu_order":0,"comment_status":"closed","ping_status":"closed","template":"","meta":{"footnotes":""},"class_list":["post-827","page","type-page","status-publish","hentry"],"yoast_head":"<!-- This site is optimized with the Yoast SEO plugin v27.3 - https:\/\/yoast.com\/product\/yoast-seo-wordpress\/ -->\n<title>Accueil - Moser Designboards<\/title>\n<meta name=\"robots\" content=\"index, follow, max-snippet:-1, max-image-preview:large, max-video-preview:-1\" \/>\n<link rel=\"canonical\" href=\"https:\/\/www.moser-designboards.de\/fr\/\" \/>\n<meta property=\"og:locale\" content=\"fr_FR\" \/>\n<meta property=\"og:type\" content=\"article\" \/>\n<meta property=\"og:title\" content=\"Accueil - Moser Designboards\" \/>\n<meta property=\"og:description\" content=\"AVEC LES PANNEAUX DE DESIGN DE MOSER, TOUT EST POSSIBLE Des panneaux de design \u00e0 l&rsquo;aspect exclusif pour diverses utilisations.Avec un \u0153il passionn\u00e9 pour le bois, une expertise technique claire et une exp\u00e9rience acquise sur des d\u00e9cennies, nous produisons nos panneaux en bois massif de qualit\u00e9 sup\u00e9rieure. Des bois s\u00e9lectionn\u00e9s sont tri\u00e9s \u00e0 la main&hellip;\" \/>\n<meta property=\"og:url\" content=\"https:\/\/www.moser-designboards.de\/fr\/\" \/>\n<meta property=\"og:site_name\" content=\"Moser Designboards\" \/>\n<meta property=\"article:modified_time\" content=\"2026-01-25T08:22:40+00:00\" \/>\n<meta property=\"og:image\" content=\"https:\/\/www.moser-designboards.de\/wp-content\/uploads\/2025\/09\/vorher-neu-ok.jpg\" \/>\n<meta name=\"twitter:card\" content=\"summary_large_image\" \/>\n<meta name=\"twitter:label1\" content=\"Dur\u00e9e de lecture estim\u00e9e\" \/>\n\t<meta name=\"twitter:data1\" content=\"1 minute\" \/>\n<script type=\"application\/ld+json\" class=\"yoast-schema-graph\">{\"@context\":\"https:\\\/\\\/schema.org\",\"@graph\":[{\"@type\":\"WebPage\",\"@id\":\"https:\\\/\\\/www.moser-designboards.de\\\/fr\\\/\",\"url\":\"https:\\\/\\\/www.moser-designboards.de\\\/fr\\\/\",\"name\":\"Accueil - Moser Designboards\",\"isPartOf\":{\"@id\":\"https:\\\/\\\/www.moser-designboards.de\\\/fr\\\/#website\"},\"primaryImageOfPage\":{\"@id\":\"https:\\\/\\\/www.moser-designboards.de\\\/fr\\\/#primaryimage\"},\"image\":{\"@id\":\"https:\\\/\\\/www.moser-designboards.de\\\/fr\\\/#primaryimage\"},\"thumbnailUrl\":\"https:\\\/\\\/www.moser-designboards.de\\\/wp-content\\\/uploads\\\/2025\\\/09\\\/vorher-neu-ok.jpg\",\"datePublished\":\"2025-08-20T14:58:55+00:00\",\"dateModified\":\"2026-01-25T08:22:40+00:00\",\"breadcrumb\":{\"@id\":\"https:\\\/\\\/www.moser-designboards.de\\\/fr\\\/#breadcrumb\"},\"inLanguage\":\"fr-FR\",\"potentialAction\":[{\"@type\":\"ReadAction\",\"target\":[\"https:\\\/\\\/www.moser-designboards.de\\\/fr\\\/\"]}]},{\"@type\":\"ImageObject\",\"inLanguage\":\"fr-FR\",\"@id\":\"https:\\\/\\\/www.moser-designboards.de\\\/fr\\\/#primaryimage\",\"url\":\"https:\\\/\\\/www.moser-designboards.de\\\/wp-content\\\/uploads\\\/2025\\\/09\\\/vorher-neu-ok.jpg\",\"contentUrl\":\"https:\\\/\\\/www.moser-designboards.de\\\/wp-content\\\/uploads\\\/2025\\\/09\\\/vorher-neu-ok.jpg\"},{\"@type\":\"BreadcrumbList\",\"@id\":\"https:\\\/\\\/www.moser-designboards.de\\\/fr\\\/#breadcrumb\",\"itemListElement\":[{\"@type\":\"ListItem\",\"position\":1,\"name\":\"Startseite\",\"item\":\"https:\\\/\\\/www.moser-designboards.de\\\/fr\\\/\"},{\"@type\":\"ListItem\",\"position\":2,\"name\":\"Accueil\"}]},{\"@type\":\"WebSite\",\"@id\":\"https:\\\/\\\/www.moser-designboards.de\\\/fr\\\/#website\",\"url\":\"https:\\\/\\\/www.moser-designboards.de\\\/fr\\\/\",\"name\":\"Moser Designboards\",\"description\":\"Aussergew\u00f6hnliche Designboards aus Massivholzplatten\",\"publisher\":{\"@id\":\"https:\\\/\\\/www.moser-designboards.de\\\/fr\\\/#organization\"},\"potentialAction\":[{\"@type\":\"SearchAction\",\"target\":{\"@type\":\"EntryPoint\",\"urlTemplate\":\"https:\\\/\\\/www.moser-designboards.de\\\/fr\\\/?s={search_term_string}\"},\"query-input\":{\"@type\":\"PropertyValueSpecification\",\"valueRequired\":true,\"valueName\":\"search_term_string\"}}],\"inLanguage\":\"fr-FR\"},{\"@type\":\"Organization\",\"@id\":\"https:\\\/\\\/www.moser-designboards.de\\\/fr\\\/#organization\",\"name\":\"Moser Massivholzplatten\",\"url\":\"https:\\\/\\\/www.moser-designboards.de\\\/fr\\\/\",\"logo\":{\"@type\":\"ImageObject\",\"inLanguage\":\"fr-FR\",\"@id\":\"https:\\\/\\\/www.moser-designboards.de\\\/fr\\\/#\\\/schema\\\/logo\\\/image\\\/\",\"url\":\"https:\\\/\\\/www.moser-designboards.de\\\/wp-content\\\/uploads\\\/2025\\\/09\\\/Moser-Designboards-Logo.png\",\"contentUrl\":\"https:\\\/\\\/www.moser-designboards.de\\\/wp-content\\\/uploads\\\/2025\\\/09\\\/Moser-Designboards-Logo.png\",\"width\":769,\"height\":169,\"caption\":\"Moser Massivholzplatten\"},\"image\":{\"@id\":\"https:\\\/\\\/www.moser-designboards.de\\\/fr\\\/#\\\/schema\\\/logo\\\/image\\\/\"},\"sameAs\":[\"https:\\\/\\\/www.youtube.com\\\/watch?v=nef20H_5pvk\"]}]}<\/script>\n<!-- \/ Yoast SEO plugin. -->","yoast_head_json":{"title":"Accueil - Moser Designboards","robots":{"index":"index","follow":"follow","max-snippet":"max-snippet:-1","max-image-preview":"max-image-preview:large","max-video-preview":"max-video-preview:-1"},"canonical":"https:\/\/www.moser-designboards.de\/fr\/","og_locale":"fr_FR","og_type":"article","og_title":"Accueil - Moser Designboards","og_description":"AVEC LES PANNEAUX DE DESIGN DE MOSER, TOUT EST POSSIBLE Des panneaux de design \u00e0 l&rsquo;aspect exclusif pour diverses utilisations.Avec un \u0153il passionn\u00e9 pour le bois, une expertise technique claire et une exp\u00e9rience acquise sur des d\u00e9cennies, nous produisons nos panneaux en bois massif de qualit\u00e9 sup\u00e9rieure. Des bois s\u00e9lectionn\u00e9s sont tri\u00e9s \u00e0 la main&hellip;","og_url":"https:\/\/www.moser-designboards.de\/fr\/","og_site_name":"Moser Designboards","article_modified_time":"2026-01-25T08:22:40+00:00","og_image":[{"url":"https:\/\/www.moser-designboards.de\/wp-content\/uploads\/2025\/09\/vorher-neu-ok.jpg","type":"","width":"","height":""}],"twitter_card":"summary_large_image","twitter_misc":{"Dur\u00e9e de lecture estim\u00e9e":"1 minute"},"schema":{"@context":"https:\/\/schema.org","@graph":[{"@type":"WebPage","@id":"https:\/\/www.moser-designboards.de\/fr\/","url":"https:\/\/www.moser-designboards.de\/fr\/","name":"Accueil - Moser Designboards","isPartOf":{"@id":"https:\/\/www.moser-designboards.de\/fr\/#website"},"primaryImageOfPage":{"@id":"https:\/\/www.moser-designboards.de\/fr\/#primaryimage"},"image":{"@id":"https:\/\/www.moser-designboards.de\/fr\/#primaryimage"},"thumbnailUrl":"https:\/\/www.moser-designboards.de\/wp-content\/uploads\/2025\/09\/vorher-neu-ok.jpg","datePublished":"2025-08-20T14:58:55+00:00","dateModified":"2026-01-25T08:22:40+00:00","breadcrumb":{"@id":"https:\/\/www.moser-designboards.de\/fr\/#breadcrumb"},"inLanguage":"fr-FR","potentialAction":[{"@type":"ReadAction","target":["https:\/\/www.moser-designboards.de\/fr\/"]}]},{"@type":"ImageObject","inLanguage":"fr-FR","@id":"https:\/\/www.moser-designboards.de\/fr\/#primaryimage","url":"https:\/\/www.moser-designboards.de\/wp-content\/uploads\/2025\/09\/vorher-neu-ok.jpg","contentUrl":"https:\/\/www.moser-designboards.de\/wp-content\/uploads\/2025\/09\/vorher-neu-ok.jpg"},{"@type":"BreadcrumbList","@id":"https:\/\/www.moser-designboards.de\/fr\/#breadcrumb","itemListElement":[{"@type":"ListItem","position":1,"name":"Startseite","item":"https:\/\/www.moser-designboards.de\/fr\/"},{"@type":"ListItem","position":2,"name":"Accueil"}]},{"@type":"WebSite","@id":"https:\/\/www.moser-designboards.de\/fr\/#website","url":"https:\/\/www.moser-designboards.de\/fr\/","name":"Moser Designboards","description":"Aussergew\u00f6hnliche Designboards aus Massivholzplatten","publisher":{"@id":"https:\/\/www.moser-designboards.de\/fr\/#organization"},"potentialAction":[{"@type":"SearchAction","target":{"@type":"EntryPoint","urlTemplate":"https:\/\/www.moser-designboards.de\/fr\/?s={search_term_string}"},"query-input":{"@type":"PropertyValueSpecification","valueRequired":true,"valueName":"search_term_string"}}],"inLanguage":"fr-FR"},{"@type":"Organization","@id":"https:\/\/www.moser-designboards.de\/fr\/#organization","name":"Moser Massivholzplatten","url":"https:\/\/www.moser-designboards.de\/fr\/","logo":{"@type":"ImageObject","inLanguage":"fr-FR","@id":"https:\/\/www.moser-designboards.de\/fr\/#\/schema\/logo\/image\/","url":"https:\/\/www.moser-designboards.de\/wp-content\/uploads\/2025\/09\/Moser-Designboards-Logo.png","contentUrl":"https:\/\/www.moser-designboards.de\/wp-content\/uploads\/2025\/09\/Moser-Designboards-Logo.png","width":769,"height":169,"caption":"Moser Massivholzplatten"},"image":{"@id":"https:\/\/www.moser-designboards.de\/fr\/#\/schema\/logo\/image\/"},"sameAs":["https:\/\/www.youtube.com\/watch?v=nef20H_5pvk"]}]}},"_links":{"self":[{"href":"https:\/\/www.moser-designboards.de\/fr\/wp-json\/wp\/v2\/pages\/827","targetHints":{"allow":["GET"]}}],"collection":[{"href":"https:\/\/www.moser-designboards.de\/fr\/wp-json\/wp\/v2\/pages"}],"about":[{"href":"https:\/\/www.moser-designboards.de\/fr\/wp-json\/wp\/v2\/types\/page"}],"author":[{"embeddable":true,"href":"https:\/\/www.moser-designboards.de\/fr\/wp-json\/wp\/v2\/users\/1"}],"replies":[{"embeddable":true,"href":"https:\/\/www.moser-designboards.de\/fr\/wp-json\/wp\/v2\/comments?post=827"}],"version-history":[{"count":5,"href":"https:\/\/www.moser-designboards.de\/fr\/wp-json\/wp\/v2\/pages\/827\/revisions"}],"predecessor-version":[{"id":3605,"href":"https:\/\/www.moser-designboards.de\/fr\/wp-json\/wp\/v2\/pages\/827\/revisions\/3605"}],"wp:attachment":[{"href":"https:\/\/www.moser-designboards.de\/fr\/wp-json\/wp\/v2\/media?parent=827"}],"curies":[{"name":"wp","href":"https:\/\/api.w.org\/{rel}","templated":true}]}}