{"id":791,"date":"2025-09-22T14:57:59","date_gmt":"2025-09-22T12:57:59","guid":{"rendered":"https:\/\/www.moser-designboards.de\/onde-droite\/"},"modified":"2026-01-22T16:51:08","modified_gmt":"2026-01-22T15:51:08","slug":"onde-droite","status":"publish","type":"page","link":"https:\/\/www.moser-designboards.de\/fr\/onde-droite\/","title":{"rendered":"Straight Wave"},"content":{"rendered":"\n<figure itemscope itemtype=\"https:\/\/schema.org\/ImageObject\">\n\t\t\t\t<img decoding=\"async\" src=\"https:\/\/www.moser-designboards.de\/wp-content\/uploads\/2025\/09\/quadratisch_0008_Straight-Wave.jpg\" alt=\"quadratisch_0008_Onde droite\" height=\"600\" width=\"600\" title=\"quadratisch_0008_Onde droite\" onerror=\"this.style.display='none'\" loading=\"lazy\" \/>\n\t<\/figure>\n<figure itemscope itemtype=\"https:\/\/schema.org\/ImageObject\">\n\t\t\t\t<img decoding=\"async\" src=\"https:\/\/www.moser-designboards.de\/wp-content\/uploads\/2025\/09\/quadratisch_0009_Straight-Wave-Nussbaum.jpg\" alt=\"quadratisch_0009_Noyer Onde droite\" height=\"600\" width=\"600\" title=\"quadratisch_0009_Noyer Onde droite\" onerror=\"this.style.display='none'\" loading=\"lazy\" \/>\n\t<\/figure>\n\t<h1>Les panneaux de design Straight Wave sont fabriqu\u00e9s \u00e0 partir de panneaux en bois massif monocouche de la plus haute qualit\u00e9. Sensiblement authentique !<\/h1>\n\t<h3>Design clair et calme pour les t\u00e2ches qui n\u00e9cessitent une structure.<\/h3>\n<figure data-animation-delay=\"0\" data-animation-duration=\"1\" itemscope itemtype=\"https:\/\/schema.org\/ImageObject\">\n\t\t\t\t<img decoding=\"async\" src=\"https:\/\/www.moser-designboards.de\/wp-content\/uploads\/2025\/09\/Straight-Wave-Schreibtisch.jpg\" alt=\"Bureau Onde droite\" height=\"1005\" width=\"1500\" title=\"Bureau Onde droite\" onerror=\"this.style.display='none'\" loading=\"lazy\" \/>\n\t<\/figure>\n\t<h2>Aspect exclusif<\/h2>\n\t<h2>Diverses possibilit\u00e9s d&rsquo;utilisation<\/h2>\n\t<h2>Grand format ou demi-format \u00e0 optimisation de la d\u00e9coupe<\/h2>\n\t<h2>Utilisable pour la production en s\u00e9rie<\/h2>\n\t<h2>La production de l&rsquo;\u00e9bauche, l&rsquo;usinage et la distribution &#8211; le tout aupr\u00e8s d&rsquo;un seul sp\u00e9cialiste des panneaux en bois massif<\/h2>\n\t<p><strong>Essences de bois :<\/strong><\/p>\n<ul>\n<li>Ch\u00eane<\/li>\n<li>Noyer<\/li>\n<\/ul>\n<p><strong>FORMATS <\/strong><\/p>\n<ul>\n<li>2400 x 1100 mm<\/li>\n<li>1200 x 1100 mm<\/li>\n<\/ul>\n<p><strong>\u00c9PAISSEUR <\/strong><\/p>\n<ul>\n<li>24 mm<\/li>\n<\/ul>\n<p><strong>QUALIT\u00c9<\/strong><\/p>\n<ul>\n<li>A\/AB<\/li>\n<\/ul>\n<p><strong>DOMAINE D&rsquo;UTILISATION <\/strong><\/p>\n<ul>\n<li>Int\u00e9rieurs avec climat ambiant normal<\/li>\n<\/ul>\n<p><strong>D\u00e9lai de livraison<\/strong><\/p>\n<p>Sur demande (entre 2 et 15 jours ouvrables)<\/p>\n<p><strong>Finitions selon les souhaits du client<\/strong><\/p>\n<p>Vous souhaitez un autre design ou une autre essence de bois&nbsp;? N&rsquo;h\u00e9sitez pas \u00e0 nous contacter, les fabrications sp\u00e9ciales sont possibles \u00e0 partir de 20 m\u00b2.<\/p>\n\t\t\t<a href=\"https:\/\/www.moser-designboards.de\/wp-content\/uploads\/2026\/01\/Moser-Datenblatt-Straith-Wave-fr.pdf\" title=\"Acc\u00e9der \u00e0 la fiche technique&nbsp;!\" target=\"_blank\" rel=\"noopener\"  role=\"button\" aria-label=\"Acc\u00e9der \u00e0 la fiche technique&nbsp;!\">\n\t\t\t\t\t\t\tAcc\u00e9der \u00e0 la fiche technique&nbsp;!\n\t\t<\/a>\n\n","protected":false},"excerpt":{"rendered":"<p>Les panneaux de design Straight Wave sont fabriqu\u00e9s \u00e0 partir de panneaux en bois massif monocouche de la plus haute qualit\u00e9. Sensiblement authentique ! Design clair et calme pour les t\u00e2ches qui n\u00e9cessitent une structure. Aspect exclusif Diverses possibilit\u00e9s d&rsquo;utilisation Grand format ou demi-format \u00e0 optimisation de la d\u00e9coupe Utilisable pour la production en s\u00e9rie&hellip;<\/p>\n","protected":false},"author":1,"featured_media":0,"parent":0,"menu_order":0,"comment_status":"closed","ping_status":"closed","template":"","meta":{"footnotes":""},"class_list":["post-791","page","type-page","status-publish","hentry"],"yoast_head":"<!-- This site is optimized with the Yoast SEO plugin v27.3 - https:\/\/yoast.com\/product\/yoast-seo-wordpress\/ -->\n<title>Straight Wave - Moser Designboards<\/title>\n<meta name=\"description\" content=\"Panneau de design Moser Onde droite. Panneau de relief fabriqu\u00e9 \u00e0 partir de panneaux en bois massif de premi\u00e8re qualit\u00e9.\" \/>\n<meta name=\"robots\" content=\"index, follow, max-snippet:-1, max-image-preview:large, max-video-preview:-1\" \/>\n<link rel=\"canonical\" href=\"https:\/\/www.moser-designboards.de\/fr\/onde-droite\/\" \/>\n<meta property=\"og:locale\" content=\"fr_FR\" \/>\n<meta property=\"og:type\" content=\"article\" \/>\n<meta property=\"og:title\" content=\"Straight Wave - Moser Designboards\" \/>\n<meta property=\"og:description\" content=\"Panneau de design Moser Onde droite. Panneau de relief fabriqu\u00e9 \u00e0 partir de panneaux en bois massif de premi\u00e8re qualit\u00e9.\" \/>\n<meta property=\"og:url\" content=\"https:\/\/www.moser-designboards.de\/fr\/onde-droite\/\" \/>\n<meta property=\"og:site_name\" content=\"Moser Designboards\" \/>\n<meta property=\"article:modified_time\" content=\"2026-01-22T15:51:08+00:00\" \/>\n<meta property=\"og:image\" content=\"https:\/\/www.moser-designboards.de\/wp-content\/uploads\/2025\/09\/quadratisch_0008_Straight-Wave.jpg\" \/>\n<meta name=\"twitter:card\" content=\"summary_large_image\" \/>\n<meta name=\"twitter:label1\" content=\"Dur\u00e9e de lecture estim\u00e9e\" \/>\n\t<meta name=\"twitter:data1\" content=\"1 minute\" \/>\n<script type=\"application\/ld+json\" class=\"yoast-schema-graph\">{\"@context\":\"https:\\\/\\\/schema.org\",\"@graph\":[{\"@type\":\"WebPage\",\"@id\":\"https:\\\/\\\/www.moser-designboards.de\\\/fr\\\/onde-droite\\\/\",\"url\":\"https:\\\/\\\/www.moser-designboards.de\\\/fr\\\/onde-droite\\\/\",\"name\":\"Straight Wave - Moser Designboards\",\"isPartOf\":{\"@id\":\"https:\\\/\\\/www.moser-designboards.de\\\/fr\\\/#website\"},\"primaryImageOfPage\":{\"@id\":\"https:\\\/\\\/www.moser-designboards.de\\\/fr\\\/onde-droite\\\/#primaryimage\"},\"image\":{\"@id\":\"https:\\\/\\\/www.moser-designboards.de\\\/fr\\\/onde-droite\\\/#primaryimage\"},\"thumbnailUrl\":\"https:\\\/\\\/www.moser-designboards.de\\\/wp-content\\\/uploads\\\/2025\\\/09\\\/quadratisch_0008_Straight-Wave.jpg\",\"datePublished\":\"2025-09-22T12:57:59+00:00\",\"dateModified\":\"2026-01-22T15:51:08+00:00\",\"description\":\"Panneau de design Moser Onde droite. Panneau de relief fabriqu\u00e9 \u00e0 partir de panneaux en bois massif de premi\u00e8re qualit\u00e9.\",\"breadcrumb\":{\"@id\":\"https:\\\/\\\/www.moser-designboards.de\\\/fr\\\/onde-droite\\\/#breadcrumb\"},\"inLanguage\":\"fr-FR\",\"potentialAction\":[{\"@type\":\"ReadAction\",\"target\":[\"https:\\\/\\\/www.moser-designboards.de\\\/fr\\\/onde-droite\\\/\"]}]},{\"@type\":\"ImageObject\",\"inLanguage\":\"fr-FR\",\"@id\":\"https:\\\/\\\/www.moser-designboards.de\\\/fr\\\/onde-droite\\\/#primaryimage\",\"url\":\"https:\\\/\\\/www.moser-designboards.de\\\/wp-content\\\/uploads\\\/2025\\\/09\\\/quadratisch_0008_Straight-Wave.jpg\",\"contentUrl\":\"https:\\\/\\\/www.moser-designboards.de\\\/wp-content\\\/uploads\\\/2025\\\/09\\\/quadratisch_0008_Straight-Wave.jpg\"},{\"@type\":\"BreadcrumbList\",\"@id\":\"https:\\\/\\\/www.moser-designboards.de\\\/fr\\\/onde-droite\\\/#breadcrumb\",\"itemListElement\":[{\"@type\":\"ListItem\",\"position\":1,\"name\":\"Startseite\",\"item\":\"https:\\\/\\\/www.moser-designboards.de\\\/fr\\\/\"},{\"@type\":\"ListItem\",\"position\":2,\"name\":\"Straight Wave\"}]},{\"@type\":\"WebSite\",\"@id\":\"https:\\\/\\\/www.moser-designboards.de\\\/fr\\\/#website\",\"url\":\"https:\\\/\\\/www.moser-designboards.de\\\/fr\\\/\",\"name\":\"Moser Designboards\",\"description\":\"Aussergew\u00f6hnliche Designboards aus Massivholzplatten\",\"publisher\":{\"@id\":\"https:\\\/\\\/www.moser-designboards.de\\\/fr\\\/#organization\"},\"potentialAction\":[{\"@type\":\"SearchAction\",\"target\":{\"@type\":\"EntryPoint\",\"urlTemplate\":\"https:\\\/\\\/www.moser-designboards.de\\\/fr\\\/?s={search_term_string}\"},\"query-input\":{\"@type\":\"PropertyValueSpecification\",\"valueRequired\":true,\"valueName\":\"search_term_string\"}}],\"inLanguage\":\"fr-FR\"},{\"@type\":\"Organization\",\"@id\":\"https:\\\/\\\/www.moser-designboards.de\\\/fr\\\/#organization\",\"name\":\"Moser Massivholzplatten\",\"url\":\"https:\\\/\\\/www.moser-designboards.de\\\/fr\\\/\",\"logo\":{\"@type\":\"ImageObject\",\"inLanguage\":\"fr-FR\",\"@id\":\"https:\\\/\\\/www.moser-designboards.de\\\/fr\\\/#\\\/schema\\\/logo\\\/image\\\/\",\"url\":\"https:\\\/\\\/www.moser-designboards.de\\\/wp-content\\\/uploads\\\/2025\\\/09\\\/Moser-Designboards-Logo.png\",\"contentUrl\":\"https:\\\/\\\/www.moser-designboards.de\\\/wp-content\\\/uploads\\\/2025\\\/09\\\/Moser-Designboards-Logo.png\",\"width\":769,\"height\":169,\"caption\":\"Moser Massivholzplatten\"},\"image\":{\"@id\":\"https:\\\/\\\/www.moser-designboards.de\\\/fr\\\/#\\\/schema\\\/logo\\\/image\\\/\"},\"sameAs\":[\"https:\\\/\\\/www.youtube.com\\\/watch?v=nef20H_5pvk\"]}]}<\/script>\n<!-- \/ Yoast SEO plugin. -->","yoast_head_json":{"title":"Straight Wave - Moser Designboards","description":"Panneau de design Moser Onde droite. Panneau de relief fabriqu\u00e9 \u00e0 partir de panneaux en bois massif de premi\u00e8re qualit\u00e9.","robots":{"index":"index","follow":"follow","max-snippet":"max-snippet:-1","max-image-preview":"max-image-preview:large","max-video-preview":"max-video-preview:-1"},"canonical":"https:\/\/www.moser-designboards.de\/fr\/onde-droite\/","og_locale":"fr_FR","og_type":"article","og_title":"Straight Wave - Moser Designboards","og_description":"Panneau de design Moser Onde droite. Panneau de relief fabriqu\u00e9 \u00e0 partir de panneaux en bois massif de premi\u00e8re qualit\u00e9.","og_url":"https:\/\/www.moser-designboards.de\/fr\/onde-droite\/","og_site_name":"Moser Designboards","article_modified_time":"2026-01-22T15:51:08+00:00","og_image":[{"url":"https:\/\/www.moser-designboards.de\/wp-content\/uploads\/2025\/09\/quadratisch_0008_Straight-Wave.jpg","type":"","width":"","height":""}],"twitter_card":"summary_large_image","twitter_misc":{"Dur\u00e9e de lecture estim\u00e9e":"1 minute"},"schema":{"@context":"https:\/\/schema.org","@graph":[{"@type":"WebPage","@id":"https:\/\/www.moser-designboards.de\/fr\/onde-droite\/","url":"https:\/\/www.moser-designboards.de\/fr\/onde-droite\/","name":"Straight Wave - Moser Designboards","isPartOf":{"@id":"https:\/\/www.moser-designboards.de\/fr\/#website"},"primaryImageOfPage":{"@id":"https:\/\/www.moser-designboards.de\/fr\/onde-droite\/#primaryimage"},"image":{"@id":"https:\/\/www.moser-designboards.de\/fr\/onde-droite\/#primaryimage"},"thumbnailUrl":"https:\/\/www.moser-designboards.de\/wp-content\/uploads\/2025\/09\/quadratisch_0008_Straight-Wave.jpg","datePublished":"2025-09-22T12:57:59+00:00","dateModified":"2026-01-22T15:51:08+00:00","description":"Panneau de design Moser Onde droite. Panneau de relief fabriqu\u00e9 \u00e0 partir de panneaux en bois massif de premi\u00e8re qualit\u00e9.","breadcrumb":{"@id":"https:\/\/www.moser-designboards.de\/fr\/onde-droite\/#breadcrumb"},"inLanguage":"fr-FR","potentialAction":[{"@type":"ReadAction","target":["https:\/\/www.moser-designboards.de\/fr\/onde-droite\/"]}]},{"@type":"ImageObject","inLanguage":"fr-FR","@id":"https:\/\/www.moser-designboards.de\/fr\/onde-droite\/#primaryimage","url":"https:\/\/www.moser-designboards.de\/wp-content\/uploads\/2025\/09\/quadratisch_0008_Straight-Wave.jpg","contentUrl":"https:\/\/www.moser-designboards.de\/wp-content\/uploads\/2025\/09\/quadratisch_0008_Straight-Wave.jpg"},{"@type":"BreadcrumbList","@id":"https:\/\/www.moser-designboards.de\/fr\/onde-droite\/#breadcrumb","itemListElement":[{"@type":"ListItem","position":1,"name":"Startseite","item":"https:\/\/www.moser-designboards.de\/fr\/"},{"@type":"ListItem","position":2,"name":"Straight Wave"}]},{"@type":"WebSite","@id":"https:\/\/www.moser-designboards.de\/fr\/#website","url":"https:\/\/www.moser-designboards.de\/fr\/","name":"Moser Designboards","description":"Aussergew\u00f6hnliche Designboards aus Massivholzplatten","publisher":{"@id":"https:\/\/www.moser-designboards.de\/fr\/#organization"},"potentialAction":[{"@type":"SearchAction","target":{"@type":"EntryPoint","urlTemplate":"https:\/\/www.moser-designboards.de\/fr\/?s={search_term_string}"},"query-input":{"@type":"PropertyValueSpecification","valueRequired":true,"valueName":"search_term_string"}}],"inLanguage":"fr-FR"},{"@type":"Organization","@id":"https:\/\/www.moser-designboards.de\/fr\/#organization","name":"Moser Massivholzplatten","url":"https:\/\/www.moser-designboards.de\/fr\/","logo":{"@type":"ImageObject","inLanguage":"fr-FR","@id":"https:\/\/www.moser-designboards.de\/fr\/#\/schema\/logo\/image\/","url":"https:\/\/www.moser-designboards.de\/wp-content\/uploads\/2025\/09\/Moser-Designboards-Logo.png","contentUrl":"https:\/\/www.moser-designboards.de\/wp-content\/uploads\/2025\/09\/Moser-Designboards-Logo.png","width":769,"height":169,"caption":"Moser Massivholzplatten"},"image":{"@id":"https:\/\/www.moser-designboards.de\/fr\/#\/schema\/logo\/image\/"},"sameAs":["https:\/\/www.youtube.com\/watch?v=nef20H_5pvk"]}]}},"_links":{"self":[{"href":"https:\/\/www.moser-designboards.de\/fr\/wp-json\/wp\/v2\/pages\/791","targetHints":{"allow":["GET"]}}],"collection":[{"href":"https:\/\/www.moser-designboards.de\/fr\/wp-json\/wp\/v2\/pages"}],"about":[{"href":"https:\/\/www.moser-designboards.de\/fr\/wp-json\/wp\/v2\/types\/page"}],"author":[{"embeddable":true,"href":"https:\/\/www.moser-designboards.de\/fr\/wp-json\/wp\/v2\/users\/1"}],"replies":[{"embeddable":true,"href":"https:\/\/www.moser-designboards.de\/fr\/wp-json\/wp\/v2\/comments?post=791"}],"version-history":[{"count":3,"href":"https:\/\/www.moser-designboards.de\/fr\/wp-json\/wp\/v2\/pages\/791\/revisions"}],"predecessor-version":[{"id":1056,"href":"https:\/\/www.moser-designboards.de\/fr\/wp-json\/wp\/v2\/pages\/791\/revisions\/1056"}],"wp:attachment":[{"href":"https:\/\/www.moser-designboards.de\/fr\/wp-json\/wp\/v2\/media?parent=791"}],"curies":[{"name":"wp","href":"https:\/\/api.w.org\/{rel}","templated":true}]}}