{"id":697,"date":"2025-09-22T17:34:39","date_gmt":"2025-09-22T15:34:39","guid":{"rendered":"https:\/\/www.moser-designboards.de\/telechargements\/"},"modified":"2026-03-31T17:17:34","modified_gmt":"2026-03-31T15:17:34","slug":"telechargements","status":"publish","type":"page","link":"https:\/\/www.moser-designboards.de\/fr\/telechargements\/","title":{"rendered":"T\u00e9l\u00e9chargements"},"content":{"rendered":"\n\n\t<h1>T\u00e9l\u00e9chargements<\/h1>\n<figure itemscope itemtype=\"https:\/\/schema.org\/ImageObject\">\n\t\t\t\t<img decoding=\"async\" src=\"https:\/\/www.moser-designboards.de\/wp-content\/uploads\/2026\/01\/Moser-Datenblatt-deutsch-1.jpg\" alt=\"Moser-Datenblatt-deutsch\" height=\"424\" width=\"300\" title=\"Moser-Datenblatt-deutsch\" onerror=\"this.style.display='none'\" loading=\"lazy\" \/>\n\t<\/figure>\n\t<h2>Vous pouvez t\u00e9l\u00e9charger ici les fiches techniques des panneaux de design.<\/h2>\n\t<b><a href=\"https:\/\/www.moser-designboards.de\/wp-content\/uploads\/2026\/01\/Moser-Datenblatt-Rhombus-de.pdf\" target=\"_blank\" rel=\"noopener\">\u201eRhombus\u00a0\u00bb <\/a><br \/>\n<a href=\"https:\/\/www.moser-designboards.de\/wp-content\/uploads\/2026\/01\/Moser-Datenblatt-Gizeh-de.pdf\" target=\"_blank\" rel=\"noopener\">\u201eGizeh\u00a0\u00bb <\/a><br \/>\n<a href=\"https:\/\/www.moser-designboards.de\/wp-content\/uploads\/2026\/01\/Moser-Datenblatt-Organic-Wave-de.pdf\" target=\"_blank\" rel=\"noopener\">\u201eOrganic Wave\u00a0\u00bb <\/a><br \/>\n<a href=\"https:\/\/www.moser-designboards.de\/wp-content\/uploads\/2026\/01\/Moser-Datenblatt-Straith-Wave-de.pdf\" target=\"_blank\" rel=\"noopener\">\u201eStraight Wave\u00a0\u00bb <\/a><br \/>\n<a href=\"https:\/\/www.moser-designboards.de\/wp-content\/uploads\/2026\/01\/Moser-Datenblatt-Chopped-de-1.pdf\" target=\"_blank\" rel=\"noopener\">\u201eChopped\u00a0\u00bb <\/a><br \/>\n<a href=\"https:\/\/www.moser-designboards.de\/wp-content\/uploads\/2026\/03\/Designboard-Kumiko-deutsch.pdf\" target=\"_blank\" rel=\"noopener\">\u201eKumiko\u00a0\u00bb<\/a><br \/>\n<\/b>\n<figure itemscope itemtype=\"https:\/\/schema.org\/ImageObject\">\n\t\t\t\t<img decoding=\"async\" src=\"https:\/\/www.moser-designboards.de\/wp-content\/uploads\/2026\/01\/Moser-Datenblatt-english-1.jpg\" alt=\"Moser-Datenblatt-english\" height=\"424\" width=\"300\" title=\"Moser-Datenblatt-english\" onerror=\"this.style.display='none'\" loading=\"lazy\" \/>\n\t<\/figure>\n\t<h2>Here you can download the datasheets for the design boards.<\/h2>\n\t<b><a href=\"https:\/\/www.moser-designboards.de\/wp-content\/uploads\/2026\/01\/Moser-Datenblatt-Rhombus-en.pdf\" target=\"_blank\" rel=\"noopener\">\u201eRhombus\u00a0\u00bb <\/a><br \/>\n<a href=\"https:\/\/www.moser-designboards.de\/wp-content\/uploads\/2026\/01\/Moser-Datenblatt-Gizeh-en.pdf\" target=\"_blank\" rel=\"noopener\">\u201eGizeh\u00a0\u00bb <\/a><br \/>\n<a href=\"https:\/\/www.moser-designboards.de\/wp-content\/uploads\/2026\/01\/Moser-Datenblatt-Organic-Wave-en.pdf\" target=\"_blank\" rel=\"noopener\">\u201eOrganic Wave\u00a0\u00bb <\/a><br \/>\n<a href=\"https:\/\/www.moser-designboards.de\/wp-content\/uploads\/2026\/01\/Moser-Datenblatt-Straith-Wave-en.pdf\" target=\"_blank\" rel=\"noopener\">\u201eStraight Wave\u00a0\u00bb <\/a><br \/>\n<a href=\"https:\/\/www.moser-designboards.de\/wp-content\/uploads\/2026\/01\/Moser-Datenblatt-Chopped-en-1.pdf\" target=\"_blank\" rel=\"noopener\">\u201eChopped\u00a0\u00bb <\/a><br \/>\n<a href=\"https:\/\/www.moser-designboards.de\/wp-content\/uploads\/2026\/03\/Designboard-Kumiko-eng.pdf\" target=\"_blank\" rel=\"noopener\">\u201eKumiko\u00a0\u00bb<\/a><br \/>\n<\/b>\n<figure itemscope itemtype=\"https:\/\/schema.org\/ImageObject\">\n\t\t\t\t<img decoding=\"async\" src=\"https:\/\/www.moser-designboards.de\/wp-content\/uploads\/2026\/01\/Moser-Datenblatt-franzoesisch-1.jpg\" alt=\"Moser-Datenblatt-franzoesisch\" height=\"424\" width=\"300\" title=\"Moser-Datenblatt-franzoesisch\" onerror=\"this.style.display='none'\" loading=\"lazy\" \/>\n\t<\/figure>\n\t<h2>Vous pouvez t\u00e9l\u00e9charger ici les fiches techniques des cartes de conception.<\/h2>\n\t<b><a href=\"https:\/\/www.moser-designboards.de\/wp-content\/uploads\/2026\/01\/Moser-Datenblatt-Rhombus-fr.pdf\" target=\"_blank\" rel=\"noopener\">\u201eRhombus\u00a0\u00bb <\/a><br \/>\n<a href=\"https:\/\/www.moser-designboards.de\/wp-content\/uploads\/2026\/01\/Moser-Datenblatt-Gizeh-fr.pdf\" target=\"_blank\" rel=\"noopener\">\u201eGizeh\u00a0\u00bb <\/a><br \/>\n<a href=\"https:\/\/www.moser-designboards.de\/wp-content\/uploads\/2026\/01\/Moser-Datenblatt-Organic-Wave-fr.pdf\" target=\"_blank\" rel=\"noopener\">\u201eOrganic Wave\u00a0\u00bb <\/a><br \/>\n<a href=\"https:\/\/www.moser-designboards.de\/wp-content\/uploads\/2026\/01\/Moser-Datenblatt-Straith-Wave-fr.pdf\" target=\"_blank\" rel=\"noopener\">\u201eStraight Wave\u00a0\u00bb <\/a><br \/>\n<a href=\"https:\/\/www.moser-designboards.de\/wp-content\/uploads\/2026\/01\/Moser-Datenblatt-Chopped-fr.pdf\" target=\"_blank\" rel=\"noopener\">\u201eChopped\u00a0\u00bb <\/a><br \/>\n<a href=\"https:\/\/www.moser-designboards.de\/wp-content\/uploads\/2026\/03\/Designboard-Kumiko-franz.pdf\" target=\"_blank\" rel=\"noopener\">\u201eKumiko\u00a0\u00bb<\/a><br \/>\n<\/b>\n<figure itemscope itemtype=\"https:\/\/schema.org\/ImageObject\">\n\t\t\t\t<img decoding=\"async\" src=\"https:\/\/www.moser-designboards.de\/wp-content\/uploads\/2026\/01\/imageflyer2026.jpg\" alt=\"imageflyer2026\" height=\"424\" width=\"300\" title=\"imageflyer2026\" onerror=\"this.style.display='none'\" loading=\"lazy\" \/>\n\t<\/figure>\n\t<h2>Vous pouvez t\u00e9l\u00e9charger ici les informations sur les panneaux en bois massif Moser Premium<\/h2>\n\t<b><a href=\"https:\/\/www.moser-designboards.de\/wp-content\/uploads\/2026\/01\/Moser-Massivholzplatten-2026.pdf\" target=\"_blank\" rel=\"noopener\">Panneaux en bois massif Moser Premium<\/a><br \/>\n<\/b>\n\n","protected":false},"excerpt":{"rendered":"<p>T\u00e9l\u00e9chargements Vous pouvez t\u00e9l\u00e9charger ici les fiches techniques des panneaux de design. \u201eRhombus\u00a0\u00bb \u201eGizeh\u00a0\u00bb \u201eOrganic Wave\u00a0\u00bb \u201eStraight Wave\u00a0\u00bb \u201eChopped\u00a0\u00bb \u201eKumiko\u00a0\u00bb Here you can download the datasheets for the design boards. \u201eRhombus\u00a0\u00bb \u201eGizeh\u00a0\u00bb \u201eOrganic Wave\u00a0\u00bb \u201eStraight Wave\u00a0\u00bb \u201eChopped\u00a0\u00bb \u201eKumiko\u00a0\u00bb Vous pouvez t\u00e9l\u00e9charger ici les fiches techniques des cartes de conception. \u201eRhombus\u00a0\u00bb \u201eGizeh\u00a0\u00bb \u201eOrganic Wave\u00a0\u00bb \u201eStraight Wave\u00a0\u00bb&hellip;<\/p>\n","protected":false},"author":1,"featured_media":0,"parent":0,"menu_order":0,"comment_status":"closed","ping_status":"closed","template":"","meta":{"footnotes":""},"class_list":["post-697","page","type-page","status-publish","hentry"],"yoast_head":"<!-- This site is optimized with the Yoast SEO plugin v27.3 - https:\/\/yoast.com\/product\/yoast-seo-wordpress\/ -->\n<title>T\u00e9l\u00e9chargements - Moser Designboards<\/title>\n<meta name=\"robots\" content=\"index, follow, max-snippet:-1, max-image-preview:large, max-video-preview:-1\" \/>\n<link rel=\"canonical\" href=\"https:\/\/www.moser-designboards.de\/fr\/telechargements\/\" \/>\n<meta property=\"og:locale\" content=\"fr_FR\" \/>\n<meta property=\"og:type\" content=\"article\" \/>\n<meta property=\"og:title\" content=\"T\u00e9l\u00e9chargements - Moser Designboards\" \/>\n<meta property=\"og:description\" content=\"T\u00e9l\u00e9chargements Vous pouvez t\u00e9l\u00e9charger ici les fiches techniques des panneaux de design. \u201eRhombus\u00a0\u00bb \u201eGizeh\u00a0\u00bb \u201eOrganic Wave\u00a0\u00bb \u201eStraight Wave\u00a0\u00bb \u201eChopped\u00a0\u00bb \u201eKumiko\u00a0\u00bb Here you can download the datasheets for the design boards. \u201eRhombus\u00a0\u00bb \u201eGizeh\u00a0\u00bb \u201eOrganic Wave\u00a0\u00bb \u201eStraight Wave\u00a0\u00bb \u201eChopped\u00a0\u00bb \u201eKumiko\u00a0\u00bb Vous pouvez t\u00e9l\u00e9charger ici les fiches techniques des cartes de conception. \u201eRhombus\u00a0\u00bb \u201eGizeh\u00a0\u00bb \u201eOrganic Wave\u00a0\u00bb \u201eStraight Wave\u00a0\u00bb&hellip;\" \/>\n<meta property=\"og:url\" content=\"https:\/\/www.moser-designboards.de\/fr\/telechargements\/\" \/>\n<meta property=\"og:site_name\" content=\"Moser Designboards\" \/>\n<meta property=\"article:modified_time\" content=\"2026-03-31T15:17:34+00:00\" \/>\n<meta property=\"og:image\" content=\"https:\/\/www.moser-designboards.de\/wp-content\/uploads\/2026\/01\/Moser-Datenblatt-deutsch-1.jpg\" \/>\n<meta name=\"twitter:card\" content=\"summary_large_image\" \/>\n<script type=\"application\/ld+json\" class=\"yoast-schema-graph\">{\"@context\":\"https:\\\/\\\/schema.org\",\"@graph\":[{\"@type\":\"WebPage\",\"@id\":\"https:\\\/\\\/www.moser-designboards.de\\\/fr\\\/telechargements\\\/\",\"url\":\"https:\\\/\\\/www.moser-designboards.de\\\/fr\\\/telechargements\\\/\",\"name\":\"T\u00e9l\u00e9chargements - Moser Designboards\",\"isPartOf\":{\"@id\":\"https:\\\/\\\/www.moser-designboards.de\\\/fr\\\/#website\"},\"primaryImageOfPage\":{\"@id\":\"https:\\\/\\\/www.moser-designboards.de\\\/fr\\\/telechargements\\\/#primaryimage\"},\"image\":{\"@id\":\"https:\\\/\\\/www.moser-designboards.de\\\/fr\\\/telechargements\\\/#primaryimage\"},\"thumbnailUrl\":\"https:\\\/\\\/www.moser-designboards.de\\\/wp-content\\\/uploads\\\/2026\\\/01\\\/Moser-Datenblatt-deutsch-1.jpg\",\"datePublished\":\"2025-09-22T15:34:39+00:00\",\"dateModified\":\"2026-03-31T15:17:34+00:00\",\"breadcrumb\":{\"@id\":\"https:\\\/\\\/www.moser-designboards.de\\\/fr\\\/telechargements\\\/#breadcrumb\"},\"inLanguage\":\"fr-FR\",\"potentialAction\":[{\"@type\":\"ReadAction\",\"target\":[\"https:\\\/\\\/www.moser-designboards.de\\\/fr\\\/telechargements\\\/\"]}]},{\"@type\":\"ImageObject\",\"inLanguage\":\"fr-FR\",\"@id\":\"https:\\\/\\\/www.moser-designboards.de\\\/fr\\\/telechargements\\\/#primaryimage\",\"url\":\"https:\\\/\\\/www.moser-designboards.de\\\/wp-content\\\/uploads\\\/2026\\\/01\\\/Moser-Datenblatt-deutsch-1.jpg\",\"contentUrl\":\"https:\\\/\\\/www.moser-designboards.de\\\/wp-content\\\/uploads\\\/2026\\\/01\\\/Moser-Datenblatt-deutsch-1.jpg\"},{\"@type\":\"BreadcrumbList\",\"@id\":\"https:\\\/\\\/www.moser-designboards.de\\\/fr\\\/telechargements\\\/#breadcrumb\",\"itemListElement\":[{\"@type\":\"ListItem\",\"position\":1,\"name\":\"Startseite\",\"item\":\"https:\\\/\\\/www.moser-designboards.de\\\/fr\\\/\"},{\"@type\":\"ListItem\",\"position\":2,\"name\":\"T\u00e9l\u00e9chargements\"}]},{\"@type\":\"WebSite\",\"@id\":\"https:\\\/\\\/www.moser-designboards.de\\\/fr\\\/#website\",\"url\":\"https:\\\/\\\/www.moser-designboards.de\\\/fr\\\/\",\"name\":\"Moser Designboards\",\"description\":\"Aussergew\u00f6hnliche Designboards aus Massivholzplatten\",\"publisher\":{\"@id\":\"https:\\\/\\\/www.moser-designboards.de\\\/fr\\\/#organization\"},\"potentialAction\":[{\"@type\":\"SearchAction\",\"target\":{\"@type\":\"EntryPoint\",\"urlTemplate\":\"https:\\\/\\\/www.moser-designboards.de\\\/fr\\\/?s={search_term_string}\"},\"query-input\":{\"@type\":\"PropertyValueSpecification\",\"valueRequired\":true,\"valueName\":\"search_term_string\"}}],\"inLanguage\":\"fr-FR\"},{\"@type\":\"Organization\",\"@id\":\"https:\\\/\\\/www.moser-designboards.de\\\/fr\\\/#organization\",\"name\":\"Moser Massivholzplatten\",\"url\":\"https:\\\/\\\/www.moser-designboards.de\\\/fr\\\/\",\"logo\":{\"@type\":\"ImageObject\",\"inLanguage\":\"fr-FR\",\"@id\":\"https:\\\/\\\/www.moser-designboards.de\\\/fr\\\/#\\\/schema\\\/logo\\\/image\\\/\",\"url\":\"https:\\\/\\\/www.moser-designboards.de\\\/wp-content\\\/uploads\\\/2025\\\/09\\\/Moser-Designboards-Logo.png\",\"contentUrl\":\"https:\\\/\\\/www.moser-designboards.de\\\/wp-content\\\/uploads\\\/2025\\\/09\\\/Moser-Designboards-Logo.png\",\"width\":769,\"height\":169,\"caption\":\"Moser Massivholzplatten\"},\"image\":{\"@id\":\"https:\\\/\\\/www.moser-designboards.de\\\/fr\\\/#\\\/schema\\\/logo\\\/image\\\/\"},\"sameAs\":[\"https:\\\/\\\/www.youtube.com\\\/watch?v=nef20H_5pvk\"]}]}<\/script>\n<!-- \/ Yoast SEO plugin. -->","yoast_head_json":{"title":"T\u00e9l\u00e9chargements - Moser Designboards","robots":{"index":"index","follow":"follow","max-snippet":"max-snippet:-1","max-image-preview":"max-image-preview:large","max-video-preview":"max-video-preview:-1"},"canonical":"https:\/\/www.moser-designboards.de\/fr\/telechargements\/","og_locale":"fr_FR","og_type":"article","og_title":"T\u00e9l\u00e9chargements - Moser Designboards","og_description":"T\u00e9l\u00e9chargements Vous pouvez t\u00e9l\u00e9charger ici les fiches techniques des panneaux de design. \u201eRhombus\u00a0\u00bb \u201eGizeh\u00a0\u00bb \u201eOrganic Wave\u00a0\u00bb \u201eStraight Wave\u00a0\u00bb \u201eChopped\u00a0\u00bb \u201eKumiko\u00a0\u00bb Here you can download the datasheets for the design boards. \u201eRhombus\u00a0\u00bb \u201eGizeh\u00a0\u00bb \u201eOrganic Wave\u00a0\u00bb \u201eStraight Wave\u00a0\u00bb \u201eChopped\u00a0\u00bb \u201eKumiko\u00a0\u00bb Vous pouvez t\u00e9l\u00e9charger ici les fiches techniques des cartes de conception. \u201eRhombus\u00a0\u00bb \u201eGizeh\u00a0\u00bb \u201eOrganic Wave\u00a0\u00bb \u201eStraight Wave\u00a0\u00bb&hellip;","og_url":"https:\/\/www.moser-designboards.de\/fr\/telechargements\/","og_site_name":"Moser Designboards","article_modified_time":"2026-03-31T15:17:34+00:00","og_image":[{"url":"https:\/\/www.moser-designboards.de\/wp-content\/uploads\/2026\/01\/Moser-Datenblatt-deutsch-1.jpg","type":"","width":"","height":""}],"twitter_card":"summary_large_image","schema":{"@context":"https:\/\/schema.org","@graph":[{"@type":"WebPage","@id":"https:\/\/www.moser-designboards.de\/fr\/telechargements\/","url":"https:\/\/www.moser-designboards.de\/fr\/telechargements\/","name":"T\u00e9l\u00e9chargements - Moser Designboards","isPartOf":{"@id":"https:\/\/www.moser-designboards.de\/fr\/#website"},"primaryImageOfPage":{"@id":"https:\/\/www.moser-designboards.de\/fr\/telechargements\/#primaryimage"},"image":{"@id":"https:\/\/www.moser-designboards.de\/fr\/telechargements\/#primaryimage"},"thumbnailUrl":"https:\/\/www.moser-designboards.de\/wp-content\/uploads\/2026\/01\/Moser-Datenblatt-deutsch-1.jpg","datePublished":"2025-09-22T15:34:39+00:00","dateModified":"2026-03-31T15:17:34+00:00","breadcrumb":{"@id":"https:\/\/www.moser-designboards.de\/fr\/telechargements\/#breadcrumb"},"inLanguage":"fr-FR","potentialAction":[{"@type":"ReadAction","target":["https:\/\/www.moser-designboards.de\/fr\/telechargements\/"]}]},{"@type":"ImageObject","inLanguage":"fr-FR","@id":"https:\/\/www.moser-designboards.de\/fr\/telechargements\/#primaryimage","url":"https:\/\/www.moser-designboards.de\/wp-content\/uploads\/2026\/01\/Moser-Datenblatt-deutsch-1.jpg","contentUrl":"https:\/\/www.moser-designboards.de\/wp-content\/uploads\/2026\/01\/Moser-Datenblatt-deutsch-1.jpg"},{"@type":"BreadcrumbList","@id":"https:\/\/www.moser-designboards.de\/fr\/telechargements\/#breadcrumb","itemListElement":[{"@type":"ListItem","position":1,"name":"Startseite","item":"https:\/\/www.moser-designboards.de\/fr\/"},{"@type":"ListItem","position":2,"name":"T\u00e9l\u00e9chargements"}]},{"@type":"WebSite","@id":"https:\/\/www.moser-designboards.de\/fr\/#website","url":"https:\/\/www.moser-designboards.de\/fr\/","name":"Moser Designboards","description":"Aussergew\u00f6hnliche Designboards aus Massivholzplatten","publisher":{"@id":"https:\/\/www.moser-designboards.de\/fr\/#organization"},"potentialAction":[{"@type":"SearchAction","target":{"@type":"EntryPoint","urlTemplate":"https:\/\/www.moser-designboards.de\/fr\/?s={search_term_string}"},"query-input":{"@type":"PropertyValueSpecification","valueRequired":true,"valueName":"search_term_string"}}],"inLanguage":"fr-FR"},{"@type":"Organization","@id":"https:\/\/www.moser-designboards.de\/fr\/#organization","name":"Moser Massivholzplatten","url":"https:\/\/www.moser-designboards.de\/fr\/","logo":{"@type":"ImageObject","inLanguage":"fr-FR","@id":"https:\/\/www.moser-designboards.de\/fr\/#\/schema\/logo\/image\/","url":"https:\/\/www.moser-designboards.de\/wp-content\/uploads\/2025\/09\/Moser-Designboards-Logo.png","contentUrl":"https:\/\/www.moser-designboards.de\/wp-content\/uploads\/2025\/09\/Moser-Designboards-Logo.png","width":769,"height":169,"caption":"Moser Massivholzplatten"},"image":{"@id":"https:\/\/www.moser-designboards.de\/fr\/#\/schema\/logo\/image\/"},"sameAs":["https:\/\/www.youtube.com\/watch?v=nef20H_5pvk"]}]}},"_links":{"self":[{"href":"https:\/\/www.moser-designboards.de\/fr\/wp-json\/wp\/v2\/pages\/697","targetHints":{"allow":["GET"]}}],"collection":[{"href":"https:\/\/www.moser-designboards.de\/fr\/wp-json\/wp\/v2\/pages"}],"about":[{"href":"https:\/\/www.moser-designboards.de\/fr\/wp-json\/wp\/v2\/types\/page"}],"author":[{"embeddable":true,"href":"https:\/\/www.moser-designboards.de\/fr\/wp-json\/wp\/v2\/users\/1"}],"replies":[{"embeddable":true,"href":"https:\/\/www.moser-designboards.de\/fr\/wp-json\/wp\/v2\/comments?post=697"}],"version-history":[{"count":5,"href":"https:\/\/www.moser-designboards.de\/fr\/wp-json\/wp\/v2\/pages\/697\/revisions"}],"predecessor-version":[{"id":3642,"href":"https:\/\/www.moser-designboards.de\/fr\/wp-json\/wp\/v2\/pages\/697\/revisions\/3642"}],"wp:attachment":[{"href":"https:\/\/www.moser-designboards.de\/fr\/wp-json\/wp\/v2\/media?parent=697"}],"curies":[{"name":"wp","href":"https:\/\/api.w.org\/{rel}","templated":true}]}}